{"id":1864,"date":"2020-01-03T11:34:35","date_gmt":"2020-01-03T10:34:35","guid":{"rendered":"https:\/\/www.aurelius-immobilien.com\/proyectos-realizados\/"},"modified":"2024-04-29T17:51:02","modified_gmt":"2024-04-29T16:51:02","slug":"proyectos-realizados","status":"publish","type":"page","link":"https:\/\/www.aurelius-immobilien.com\/es\/proyectos-realizados\/","title":{"rendered":"Proyectos realizados"},"content":{"rendered":"<div id='av_section_1' class='avia-section main_color avia-section-large avia-no-border-styling avia-bg-style-scroll  avia-builder-el-0  avia-builder-el-no-sibling   container_wrap fullsize' style=' '  ><div class='container' ><main  role=\"main\" itemprop=\"mainContentOfPage\"  class='template-page content  av-content-full alpha units'><div class='post-entry post-entry-type-page post-entry-1864'><div class='entry-content-wrapper clearfix'>\n<div style='padding-bottom:0px; ' class='av-special-heading av-special-heading-h2  blockquote modern-quote modern-centered  avia-builder-el-1  el_before_av_hr  avia-builder-el-first   '><h2 class='av-special-heading-tag '  itemprop=\"headline\"  >Nuestros proyectos realizados<\/h2><div class='special-heading-border'><div class='special-heading-inner-border' ><\/div><\/div><\/div>\n<div style=' margin-top:5px; margin-bottom:35px;'  class='hr hr-custom hr-center hr-icon-no   avia-builder-el-2  el_after_av_heading  el_before_av_one_third  '><span class='hr-inner   inner-border-av-border-fat' style=' width:50px; border-color:#c41247;' ><span class='hr-inner-style'><\/span><\/span><\/div>\n<div class=\"flex_column av_one_third  av-animated-generic bottom-to-top  flex_column_div av-zero-column-padding first  avia-builder-el-3  el_after_av_hr  el_before_av_one_third  \" style='border-radius:0px; '><p><div class='avia-image-container  av-styling-no-styling    avia-builder-el-4  el_before_av_heading  avia-builder-el-first   avia-align-center '  itemprop=\"image\" itemscope=\"itemscope\" itemtype=\"https:\/\/schema.org\/ImageObject\"  ><div class='avia-image-container-inner'><div class='avia-image-overlay-wrap'><a href='https:\/\/www.aurelius-immobilien.com\/portfolio-item\/schellerdamm-1-710\/' class='avia_image'  ><img class='avia_image ' src='https:\/\/www.aurelius-immobilien.com\/wp-content\/uploads\/2019\/06\/S_1_7_seite-300x200.jpg' alt='' title='21079 Hamburg, Schellerdamm 1 -7, Stra\u00dfenansicht'  itemprop=\"thumbnailUrl\"  \/><\/a><\/div><\/div><\/div><br \/>\n<div style='padding-bottom:0px; ' class='av-special-heading av-special-heading-h3  blockquote modern-quote  avia-builder-el-5  el_after_av_image  el_before_av_hr   av-linked-heading '><h3 class='av-special-heading-tag '  itemprop=\"headline\"  ><a href=\"https:\/\/www.aurelius-immobilien.com\/portfolio-item\/schellerdamm-1-710\/\">Schellerdamm 1 &#8211; 7<\/a><\/h3><div class='special-heading-border'><div class='special-heading-inner-border' ><\/div><\/div><\/div><br \/>\n<div style=' margin-top:10px; margin-bottom:10px;'  class='hr hr-custom hr-left hr-icon-no   avia-builder-el-6  el_after_av_heading  el_before_av_textblock  '><span class='hr-inner   inner-border-av-border-fat' style=' width:50px; border-color:#c41247;' ><span class='hr-inner-style'><\/span><\/span><\/div><br \/>\n<section class=\"av_textblock_section \"  itemscope=\"itemscope\" itemtype=\"https:\/\/schema.org\/CreativeWork\" ><div class='avia_textblock  '   itemprop=\"text\" ><p>En Schellerdamm 1 &#8211; 7 se han construido 61 pisos y unos 1.800 m\u00b2 de locales comerciales. Los pisos est\u00e1n dise\u00f1ados para ser sostenibles y son especialmente adecuados para pisos compartidos y familias.<\/p>\n<\/div><\/section><\/p><\/div><div class=\"flex_column av_one_third  av-animated-generic bottom-to-top  flex_column_div av-zero-column-padding   avia-builder-el-8  el_after_av_one_third  el_before_av_one_third  \" style='border-radius:0px; '><p><div class='avia-image-container  av-styling-no-styling    avia-builder-el-9  el_before_av_heading  avia-builder-el-first   avia-align-center '  itemprop=\"image\" itemscope=\"itemscope\" itemtype=\"https:\/\/schema.org\/ImageObject\"  ><div class='avia-image-container-inner'><div class='avia-image-overlay-wrap'><a href='https:\/\/www.aurelius-immobilien.com\/portfolio-item\/das-fleethaus\/' class='avia_image'  ><img class='avia_image ' src='https:\/\/www.aurelius-immobilien.com\/wp-content\/uploads\/2019\/06\/fleethaus_bruecke_2-300x200.jpg' alt='' title='21079 Hamburg, Schellerdamm, DAS FLEETHAUS, Ecke Schellerdamm\/Veritaskai'  itemprop=\"thumbnailUrl\"  \/><\/a><\/div><\/div><\/div><br \/>\n<div style='padding-bottom:0px; ' class='av-special-heading av-special-heading-h3  blockquote modern-quote  avia-builder-el-10  el_after_av_image  el_before_av_hr   av-linked-heading '><h3 class='av-special-heading-tag '  itemprop=\"headline\"  ><a href=\"https:\/\/www.aurelius-immobilien.com\/portfolio-item\/das-fleethaus\/\">Das Fleethaus<\/a><\/h3><div class='special-heading-border'><div class='special-heading-inner-border' ><\/div><\/div><\/div><br \/>\n<div style=' margin-top:10px; margin-bottom:10px;'  class='hr hr-custom hr-left hr-icon-no   avia-builder-el-11  el_after_av_heading  el_before_av_textblock  '><span class='hr-inner   inner-border-av-border-fat' style=' width:50px; border-color:#c41247;' ><span class='hr-inner-style'><\/span><\/span><\/div><br \/>\n<section class=\"av_textblock_section \"  itemscope=\"itemscope\" itemtype=\"https:\/\/schema.org\/CreativeWork\" ><div class='avia_textblock  '   itemprop=\"text\" ><p>El Fleethaus, un antiguo granero protegido, se convirti\u00f3 en un edificio de oficinas con plazas de aparcamiento integradas. El edificio combina el romanticismo del puerto con los requisitos m\u00e1s modernos. El edificio ha recibido varios premios.<\/p>\n<\/div><\/section><\/p><\/div><div class=\"flex_column av_one_third  av-animated-generic bottom-to-top  flex_column_div av-zero-column-padding   avia-builder-el-13  el_after_av_one_third  el_before_av_hr  \" style='border-radius:0px; '><p><div class='avia-image-container  av-styling-no-styling    avia-builder-el-14  el_before_av_heading  avia-builder-el-first   avia-align-center '  itemprop=\"image\" itemscope=\"itemscope\" itemtype=\"https:\/\/schema.org\/ImageObject\"  ><div class='avia-image-container-inner'><div class='avia-image-overlay-wrap'><a href='https:\/\/www.aurelius-immobilien.com\/portfolio-item\/das-silo\/' class='avia_image'  ><img class='avia_image ' src='https:\/\/www.aurelius-immobilien.com\/wp-content\/uploads\/2019\/06\/Silo_Wasser3-300x200.jpg' alt='' title='21079 Hamburg, Schellerdamm 16, DAS SILO, Blick \u00fcber den Westlichen Bahnhofskanal'  itemprop=\"thumbnailUrl\"  \/><\/a><\/div><\/div><\/div><br \/>\n<div style='padding-bottom:0px; ' class='av-special-heading av-special-heading-h3  blockquote modern-quote  avia-builder-el-15  el_after_av_image  el_before_av_hr   av-linked-heading '><h3 class='av-special-heading-tag '  itemprop=\"headline\"  ><a href=\"https:\/\/www.aurelius-immobilien.com\/portfolio-item\/das-silo\/\">Das Silo<\/a><\/h3><div class='special-heading-border'><div class='special-heading-inner-border' ><\/div><\/div><\/div><br \/>\n<div style=' margin-top:10px; margin-bottom:10px;'  class='hr hr-custom hr-left hr-icon-no   avia-builder-el-16  el_after_av_heading  el_before_av_textblock  '><span class='hr-inner   inner-border-av-border-fat' style=' width:50px; border-color:#c41247;' ><span class='hr-inner-style'><\/span><\/span><\/div><br \/>\n<section class=\"av_textblock_section \"  itemscope=\"itemscope\" itemtype=\"https:\/\/schema.org\/CreativeWork\" ><div class='avia_textblock  '   itemprop=\"text\" ><p>Una exitosa reconversi\u00f3n de un granero en un edificio de oficinas con una superficie total de unos 14.000 m\u00b2 de espacio de oficinas y restauraci\u00f3n. La arquitectura del edificio ha ganado varios premios y se expuso en el cat\u00e1logo de la Bienal de Arquitectura de Venecia de 2006.<\/p>\n<\/div><\/section><\/p><\/div><div style='height:50px' class='hr hr-invisible   avia-builder-el-18  el_after_av_one_third  el_before_av_one_third '><span class='hr-inner ' ><span class='hr-inner-style'><\/span><\/span><\/div>\n<div class=\"flex_column av_one_third  av-animated-generic bottom-to-top  flex_column_div av-zero-column-padding first  avia-builder-el-19  el_after_av_hr  el_before_av_one_third  \" style='border-radius:0px; '><p><div class='avia-image-container  av-styling-no-styling    avia-builder-el-20  el_before_av_heading  avia-builder-el-first   avia-align-center '  itemprop=\"image\" itemscope=\"itemscope\" itemtype=\"https:\/\/schema.org\/ImageObject\"  ><div class='avia-image-container-inner'><div class='avia-image-overlay-wrap'><a href='https:\/\/www.aurelius-immobilien.com\/portfolio-item\/schellerdamm-18\/' class='avia_image'  ><img class='avia_image ' src='https:\/\/www.aurelius-immobilien.com\/wp-content\/uploads\/2019\/06\/s_18_wasser4-300x200.jpg' alt='' title='21079 Hamburg, Schellerdamm 18, Blick \u00fcber den Westlichen Bahnhofskanal'  itemprop=\"thumbnailUrl\"  \/><\/a><\/div><\/div><\/div><br \/>\n<div style='padding-bottom:0px; ' class='av-special-heading av-special-heading-h3  blockquote modern-quote  avia-builder-el-21  el_after_av_image  el_before_av_hr   av-linked-heading '><h3 class='av-special-heading-tag '  itemprop=\"headline\"  ><a href=\"https:\/\/www.aurelius-immobilien.com\/portfolio-item\/schellerdamm-18\/\">Schellerdamm 18<\/a><\/h3><div class='special-heading-border'><div class='special-heading-inner-border' ><\/div><\/div><\/div><br \/>\n<div style=' margin-top:10px; margin-bottom:10px;'  class='hr hr-custom hr-left hr-icon-no   avia-builder-el-22  el_after_av_heading  el_before_av_textblock  '><span class='hr-inner   inner-border-av-border-fat' style=' width:50px; border-color:#c41247;' ><span class='hr-inner-style'><\/span><\/span><\/div><br \/>\n<section class=\"av_textblock_section \"  itemscope=\"itemscope\" itemtype=\"https:\/\/schema.org\/CreativeWork\" ><div class='avia_textblock  '   itemprop=\"text\" ><p>Schellerdamm 18 es un edificio de oficinas con una estructura eficiente, una impresionante escalera y vistas a los canales del puerto de Harburgo.<\/p>\n<\/div><\/section><\/p><\/div><div class=\"flex_column av_one_third  av-animated-generic bottom-to-top  flex_column_div av-zero-column-padding   avia-builder-el-24  el_after_av_one_third  el_before_av_one_third  \" style='border-radius:0px; '><p><div class='avia-image-container  av-styling-no-styling    avia-builder-el-25  el_before_av_heading  avia-builder-el-first   avia-align-center '  itemprop=\"image\" itemscope=\"itemscope\" itemtype=\"https:\/\/schema.org\/ImageObject\"  ><div class='avia-image-container-inner'><div class='avia-image-overlay-wrap'><a href='https:\/\/www.aurelius-immobilien.com\/portfolio-item\/karl-schneider-passagen\/' class='avia_image'  ><img class='avia_image ' src='https:\/\/www.aurelius-immobilien.com\/wp-content\/uploads\/2019\/06\/ksp-300x200.jpg' alt='' title='20255 Hamburg, Heu\u00dfweg \/ Osterstra\u00dfe, Karl Schneider Passagen, Stra\u00dfenansicht'  itemprop=\"thumbnailUrl\"  \/><\/a><\/div><\/div><\/div><br \/>\n<div style='padding-bottom:0px; ' class='av-special-heading av-special-heading-h3  blockquote modern-quote  avia-builder-el-26  el_after_av_image  el_before_av_hr   av-linked-heading '><h3 class='av-special-heading-tag '  itemprop=\"headline\"  ><a href=\"https:\/\/www.aurelius-immobilien.com\/portfolio-item\/karl-schneider-passagen\/\">Karl Schneider Passagen<\/a><\/h3><div class='special-heading-border'><div class='special-heading-inner-border' ><\/div><\/div><\/div><br \/>\n<div style=' margin-top:10px; margin-bottom:10px;'  class='hr hr-custom hr-left hr-icon-no   avia-builder-el-27  el_after_av_heading  el_before_av_textblock  '><span class='hr-inner   inner-border-av-border-fat' style=' width:50px; border-color:#c41247;' ><span class='hr-inner-style'><\/span><\/span><\/div><br \/>\n<section class=\"av_textblock_section \"  itemscope=\"itemscope\" itemtype=\"https:\/\/schema.org\/CreativeWork\" ><div class='avia_textblock  '   itemprop=\"text\" ><p>Los Karl Schneider Passagen est\u00e1n situados en el centro de Hamburgo Eimsb\u00fcttel. Los soportales ofrecen espacios comerciales, tiendas, pisos y plazas de aparcamiento.<\/p>\n<\/div><\/section><\/p><\/div><div class=\"flex_column av_one_third  av-animated-generic bottom-to-top  flex_column_div av-zero-column-padding   avia-builder-el-29  el_after_av_one_third  el_before_av_one_third  \" style='border-radius:0px; '><p><div class='avia-image-container  av-styling-no-styling    avia-builder-el-30  el_before_av_heading  avia-builder-el-first   avia-align-center '  itemprop=\"image\" itemscope=\"itemscope\" itemtype=\"https:\/\/schema.org\/ImageObject\"  ><div class='avia-image-container-inner'><div class='avia-image-overlay-wrap'><a href='https:\/\/www.aurelius-immobilien.com\/portfolio-item\/meiendorfer-strasse-205\/' class='avia_image'  ><img class='avia_image ' src='https:\/\/www.aurelius-immobilien.com\/wp-content\/uploads\/2019\/06\/meiendorf_seite2-300x200.jpg' alt='' title='22145 Hamburg, Meiendorfer Str. 205, Stra\u00dfenansicht'  itemprop=\"thumbnailUrl\"  \/><\/a><\/div><\/div><\/div><br \/>\n<div style='padding-bottom:0px; ' class='av-special-heading av-special-heading-h3  blockquote modern-quote  avia-builder-el-31  el_after_av_image  el_before_av_hr   av-linked-heading '><h3 class='av-special-heading-tag '  itemprop=\"headline\"  ><a href=\"https:\/\/www.aurelius-immobilien.com\/portfolio-item\/meiendorfer-strasse-205\/\">Meiendorfer Stra\u00dfe 205<\/a><\/h3><div class='special-heading-border'><div class='special-heading-inner-border' ><\/div><\/div><\/div><br \/>\n<div style=' margin-top:10px; margin-bottom:10px;'  class='hr hr-custom hr-left hr-icon-no   avia-builder-el-32  el_after_av_heading  el_before_av_textblock  '><span class='hr-inner   inner-border-av-border-fat' style=' width:50px; border-color:#c41247;' ><span class='hr-inner-style'><\/span><\/span><\/div><br \/>\n<section class=\"av_textblock_section \"  itemscope=\"itemscope\" itemtype=\"https:\/\/schema.org\/CreativeWork\" ><div class='avia_textblock  '   itemprop=\"text\" ><p>Hay varios edificios comerciales en el solar de Meiendorfer Str. 205, al este de Hamburgo. Tambi\u00e9n est\u00e1 previsto construir pisos. El proyecto se vendi\u00f3 en 2021.<\/p>\n<\/div><\/section><\/p><\/div><div class=\"flex_column av_one_third  av-animated-generic bottom-to-top  flex_column_div av-zero-column-padding first  avia-builder-el-34  el_after_av_one_third  avia-builder-el-last   column-top-margin\" style='border-radius:0px; '><p><div class='avia-image-container  av-styling-no-styling    avia-builder-el-35  el_before_av_heading  avia-builder-el-first   avia-align-center '  itemprop=\"image\" itemscope=\"itemscope\" itemtype=\"https:\/\/schema.org\/ImageObject\"  ><div class='avia-image-container-inner'><div class='avia-image-overlay-wrap'><a href='https:\/\/www.aurelius-immobilien.com\/portfolio-item\/klopstockhoefe\/' class='avia_image'  ><img class='avia_image ' src='https:\/\/www.aurelius-immobilien.com\/wp-content\/uploads\/2019\/08\/DW__V4A2668-300x200.jpg' alt='' title=''  itemprop=\"thumbnailUrl\"  \/><\/a><\/div><\/div><\/div><br \/>\n<div style='padding-bottom:0px; ' class='av-special-heading av-special-heading-h3  blockquote modern-quote  avia-builder-el-36  el_after_av_image  el_before_av_hr   av-linked-heading '><h3 class='av-special-heading-tag '  itemprop=\"headline\"  ><a href=\"https:\/\/www.aurelius-immobilien.com\/portfolio-item\/klopstockhoefe\/\">Klopstockh\u00f6fe<\/a><\/h3><div class='special-heading-border'><div class='special-heading-inner-border' ><\/div><\/div><\/div><br \/>\n<div style=' margin-top:10px; margin-bottom:10px;'  class='hr hr-custom hr-left hr-icon-no   avia-builder-el-37  el_after_av_heading  el_before_av_textblock  '><span class='hr-inner   inner-border-av-border-fat' style=' width:50px; border-color:#c41247;' ><span class='hr-inner-style'><\/span><\/span><\/div><br \/>\n<section class=\"av_textblock_section \"  itemscope=\"itemscope\" itemtype=\"https:\/\/schema.org\/CreativeWork\" ><div class='avia_textblock  '   itemprop=\"text\" ><p>En la Klopstockh\u00f6fe se han construido 23 pisos y 44 plazas de aparcamiento en el antiguo emplazamiento de una imprenta.<\/p>\n<\/div><\/section><\/p><\/div>\n","protected":false},"excerpt":{"rendered":"","protected":false},"author":1,"featured_media":0,"parent":0,"menu_order":0,"comment_status":"closed","ping_status":"closed","template":"","meta":{"footnotes":""},"class_list":["post-1864","page","type-page","status-publish","hentry"],"_links":{"self":[{"href":"https:\/\/www.aurelius-immobilien.com\/es\/wp-json\/wp\/v2\/pages\/1864","targetHints":{"allow":["GET"]}}],"collection":[{"href":"https:\/\/www.aurelius-immobilien.com\/es\/wp-json\/wp\/v2\/pages"}],"about":[{"href":"https:\/\/www.aurelius-immobilien.com\/es\/wp-json\/wp\/v2\/types\/page"}],"author":[{"embeddable":true,"href":"https:\/\/www.aurelius-immobilien.com\/es\/wp-json\/wp\/v2\/users\/1"}],"replies":[{"embeddable":true,"href":"https:\/\/www.aurelius-immobilien.com\/es\/wp-json\/wp\/v2\/comments?post=1864"}],"version-history":[{"count":12,"href":"https:\/\/www.aurelius-immobilien.com\/es\/wp-json\/wp\/v2\/pages\/1864\/revisions"}],"predecessor-version":[{"id":2316,"href":"https:\/\/www.aurelius-immobilien.com\/es\/wp-json\/wp\/v2\/pages\/1864\/revisions\/2316"}],"wp:attachment":[{"href":"https:\/\/www.aurelius-immobilien.com\/es\/wp-json\/wp\/v2\/media?parent=1864"}],"curies":[{"name":"wp","href":"https:\/\/api.w.org\/{rel}","templated":true}]}}