{"id":1852,"date":"2019-06-03T15:47:01","date_gmt":"2019-06-03T14:47:01","guid":{"rendered":"https:\/\/www.aurelius-immobilien.com\/imprimir\/"},"modified":"2026-03-14T19:23:43","modified_gmt":"2026-03-14T18:23:43","slug":"imprimir","status":"publish","type":"page","link":"https:\/\/www.aurelius-immobilien.com\/es\/imprimir\/","title":{"rendered":"Imprimir"},"content":{"rendered":"<div style='padding-bottom:10px; ' class='av-special-heading av-special-heading-h2  blockquote modern-quote modern-centered  avia-builder-el-0  el_before_av_hr  avia-builder-el-first   '><h2 class='av-special-heading-tag '  itemprop=\"headline\"  >IMPRIMIR<\/h2><div class='special-heading-border'><div class='special-heading-inner-border' ><\/div><\/div><\/div>\n<div style=' margin-top:5px; margin-bottom:-40px;'  class='hr hr-custom hr-center hr-icon-no   avia-builder-el-1  el_after_av_heading  el_before_av_section  avia-builder-el-last  '><span class='hr-inner   inner-border-av-border-fat' style=' width:50px; border-color:#c41247;' ><span class='hr-inner-style'><\/span><\/span><\/div>\n<\/div><\/div><\/div><!-- close content main div --><\/div><\/div><div id='av_section_1' class='avia-section main_color avia-section-default avia-no-border-styling avia-bg-style-scroll  avia-builder-el-2  el_after_av_hr  avia-builder-el-last    container_wrap fullsize' style=' margin-top:-50px; margin-bottom:0px; '  ><div class='container' ><div class='template-page content  av-content-full alpha units'><div class='post-entry post-entry-type-page post-entry-1852'><div class='entry-content-wrapper clearfix'>\n<div class=\"flex_column av_four_fifth  flex_column_div first  avia-builder-el-3  avia-builder-el-no-sibling   \" style='padding:0px 0px 0px 10px ; border-radius:0px; '><section class=\"av_textblock_section \"  itemscope=\"itemscope\" itemtype=\"https:\/\/schema.org\/CreativeWork\" ><div class='avia_textblock  '   itemprop=\"text\" ><p><strong><span style=\"color: #000000;\">informaci\u00f3n seg\u00fan \u00a7 5 TMG<\/span><\/strong><\/p>\n<p>Aurelius Immobilien GmbH Heu\u00dfweg 35 20255 Hamburgo Registro mercantil: HRB 140348 Juzgado de registro: Juzgado municipal de Hamburgo<\/p>\n<p><span style=\"color: #000000;\">Representado por<\/span><br \/>\nKurt Groenewold<br \/>\nOlaf Bieniek<\/p>\n<p><strong><span style=\"color: #000000;\">CONTACTO<\/span><\/strong><\/p>\n<p>Tel\u00e9fono: +49 40 &#8211; 59 36 23 66 &#8211; 0 Fax: +49 40 &#8211; 59 36 23 66 &#8211; 9 Correo electr\u00f3nico: info@aurelius-immobilien.com<\/p>\n<p><strong><span style=\"color: #000000;\">IDENTIFICACI\u00d3N FISCAL<\/span><\/strong><\/p>\n<p>N\u00famero de identificaci\u00f3n fiscal seg\u00fan \u00a727 a de la ley de impuestos sobre la venta: DE219814630 No estamos dispuestos ni obligados a participar en procedimientos de resoluci\u00f3n de litigios ante una junta de arbitraje de consumo.<\/p>\n<p><strong><span style=\"color: #000000;\">RESPONSABILIDAD POR LOS CONTENIDOS<\/span><\/strong><\/p>\n<p>Como proveedor de servicios, somos responsables de nuestros propios contenidos en estas p\u00e1ginas de conformidad con el art\u00edculo 7 (1) de la TMG (Ley alemana de medios de telecomunicaci\u00f3n) y la legislaci\u00f3n general. Sin embargo, seg\u00fan los art\u00edculos 8 a 10 de la TMG, como proveedores de servicios no estamos obligados a supervisar la informaci\u00f3n de terceros transmitida o almacenada ni a investigar circunstancias que indiquen una actividad ilegal. Esto no afecta a las obligaciones de eliminar o bloquear el uso de informaci\u00f3n de conformidad con la legislaci\u00f3n general. Sin embargo, la responsabilidad a este respecto s\u00f3lo es posible a partir del momento en que se tiene conocimiento de una infracci\u00f3n concreta. En cuanto tengamos conocimiento de tales infracciones, eliminaremos inmediatamente estos contenidos.<\/p>\n<p><strong><span style=\"color: #000000;\">RESPONSABILIDAD DE LOS ENLACES<\/span><\/strong><\/p>\n<p>Nuestro sitio web contiene enlaces a sitios web externos de terceros sobre cuyo contenido no tenemos ninguna influencia. Por lo tanto, no podemos aceptar ninguna responsabilidad por este contenido de terceros. El respectivo proveedor u operador de las p\u00e1ginas es siempre responsable del contenido de las p\u00e1ginas enlazadas. Las p\u00e1ginas enlazadas fueron revisadas en el momento de su vinculaci\u00f3n para detectar posibles infracciones legales. En el momento de establecer el enlace no se detectaron contenidos ilegales. Sin embargo, no es razonable un control permanente de los contenidos de las p\u00e1ginas enlazadas sin pruebas concretas de una infracci\u00f3n. Si tenemos conocimiento de alguna infracci\u00f3n legal, eliminaremos dichos enlaces inmediatamente.<\/p>\n<p><strong><span style=\"color: #000000;\">COPYRIGHT<\/span><\/strong><\/p>\n<p>Los contenidos y obras creados por los operadores del sitio en estas p\u00e1ginas est\u00e1n sujetos a la legislaci\u00f3n alemana sobre derechos de autor. La reproducci\u00f3n, el procesamiento, la distribuci\u00f3n y cualquier tipo de utilizaci\u00f3n fuera de los l\u00edmites de la ley de derechos de autor requieren el consentimiento por escrito del respectivo autor o creador. Las descargas y copias de este sitio s\u00f3lo est\u00e1n permitidas para uso privado y no comercial. En la medida en que el contenido de este sitio no haya sido creado por el operador, se respetan los derechos de autor de terceros. En particular, los contenidos de terceros est\u00e1n etiquetados como tales. No obstante, si tiene conocimiento de una infracci\u00f3n de los derechos de autor, le rogamos que nos lo comunique. Si tenemos conocimiento de alguna infracci\u00f3n, eliminaremos inmediatamente dicho contenido.<\/p>\n<\/div><\/section><\/div>\n","protected":false},"excerpt":{"rendered":"","protected":false},"author":2,"featured_media":0,"parent":0,"menu_order":0,"comment_status":"closed","ping_status":"closed","template":"","meta":{"footnotes":""},"class_list":["post-1852","page","type-page","status-publish","hentry"],"_links":{"self":[{"href":"https:\/\/www.aurelius-immobilien.com\/es\/wp-json\/wp\/v2\/pages\/1852","targetHints":{"allow":["GET"]}}],"collection":[{"href":"https:\/\/www.aurelius-immobilien.com\/es\/wp-json\/wp\/v2\/pages"}],"about":[{"href":"https:\/\/www.aurelius-immobilien.com\/es\/wp-json\/wp\/v2\/types\/page"}],"author":[{"embeddable":true,"href":"https:\/\/www.aurelius-immobilien.com\/es\/wp-json\/wp\/v2\/users\/2"}],"replies":[{"embeddable":true,"href":"https:\/\/www.aurelius-immobilien.com\/es\/wp-json\/wp\/v2\/comments?post=1852"}],"version-history":[{"count":4,"href":"https:\/\/www.aurelius-immobilien.com\/es\/wp-json\/wp\/v2\/pages\/1852\/revisions"}],"predecessor-version":[{"id":2331,"href":"https:\/\/www.aurelius-immobilien.com\/es\/wp-json\/wp\/v2\/pages\/1852\/revisions\/2331"}],"wp:attachment":[{"href":"https:\/\/www.aurelius-immobilien.com\/es\/wp-json\/wp\/v2\/media?parent=1852"}],"curies":[{"name":"wp","href":"https:\/\/api.w.org\/{rel}","templated":true}]}}