{"id":1839,"date":"2019-12-30T16:22:00","date_gmt":"2019-12-30T15:22:00","guid":{"rendered":"https:\/\/www.aurelius-immobilien.com\/politica-de-privacidad\/"},"modified":"2024-04-11T10:42:10","modified_gmt":"2024-04-11T09:42:10","slug":"politica-de-privacidad","status":"publish","type":"page","link":"https:\/\/www.aurelius-immobilien.com\/es\/politica-de-privacidad\/","title":{"rendered":"Pol\u00edtica de privacidad"},"content":{"rendered":"<div style='padding-bottom:0px; ' class='av-special-heading av-special-heading-h2  blockquote modern-quote modern-centered  avia-builder-el-0  el_before_av_hr  avia-builder-el-first   '><h2 class='av-special-heading-tag '  itemprop=\"headline\"  >POL\u00cdTICA DE PRIVACIDAD<\/h2><div class='special-heading-border'><div class='special-heading-inner-border' ><\/div><\/div><\/div>\n<div style=' margin-top:5px; margin-bottom:0px;'  class='hr hr-custom hr-center hr-icon-no   avia-builder-el-1  el_after_av_heading  el_before_av_section  avia-builder-el-last  '><span class='hr-inner   inner-border-av-border-fat' style=' width:50px; border-color:#c41247;' ><span class='hr-inner-style'><\/span><\/span><\/div>\n<\/div><\/div><\/div><!-- close content main div --><\/div><\/div><div id='av_section_1' class='avia-section main_color avia-section-default avia-no-border-styling avia-bg-style-scroll  avia-builder-el-2  el_after_av_hr  avia-builder-el-last    container_wrap fullsize' style=' margin-top:-50px; margin-bottom:0px; '  ><div class='container' ><div class='template-page content  av-content-full alpha units'><div class='post-entry post-entry-type-page post-entry-1839'><div class='entry-content-wrapper clearfix'>\n<div class=\"flex_column av_four_fifth  flex_column_div first  avia-builder-el-3  avia-builder-el-no-sibling   \" style='padding:0px 0px 0px 10px ; border-radius:0px; '><section class=\"av_textblock_section \"  itemscope=\"itemscope\" itemtype=\"https:\/\/schema.org\/CreativeWork\" ><div class='avia_textblock  '   itemprop=\"text\" ><p><strong><span style=\"color: #000000;\">1. LA PROTECCI\u00d3N DE DATOS DE UN VISTAZO<\/span><\/strong><\/p>\n<p><strong><span style=\"color: #000000;\">Informaci\u00f3n general<\/span><\/strong><\/p>\n<p>La siguiente informaci\u00f3n ofrece una visi\u00f3n general de lo que ocurre con sus datos personales cuando visita nuestro sitio web. Por datos personales se entiende cualquier dato que pueda utilizarse para identificarle personalmente. Encontrar\u00e1 informaci\u00f3n detallada sobre el tema de la protecci\u00f3n de datos en nuestra declaraci\u00f3n de protecci\u00f3n de datos que figura debajo de este texto.  <\/p>\n<p><strong><span style=\"color: #000000;\">Recogida de datos en nuestro sitio web<\/span><\/strong><\/p>\n<p><strong>\u00bfQui\u00e9n es responsable de la recogida de datos en este sitio web?<\/strong><\/p>\n<p>El tratamiento de datos en este sitio web lo lleva a cabo el operador del sitio web. Encontrar\u00e1 los datos de contacto del operador en el aviso legal de este sitio web. <\/p>\n<p><strong>\u00bfC\u00f3mo recogemos sus datos?<\/strong><\/p>\n<p>Por un lado, sus datos se recogen cuando usted nos los facilita. Puede tratarse, por ejemplo, de los datos que introduce en un formulario de contacto. Otros datos son recogidos autom\u00e1ticamente por nuestros sistemas inform\u00e1ticos cuando usted visita el sitio web. Se trata principalmente de datos t\u00e9cnicos (por ejemplo, navegador de Internet, sistema operativo o tiempo de visualizaci\u00f3n de la p\u00e1gina). Estos datos se recogen autom\u00e1ticamente en cuanto usted entra en nuestro sitio web. <\/p>\n<p><strong>\u00bfPara qu\u00e9 utilizamos sus datos?<\/strong><\/p>\n<p>Algunos de los datos se recogen para garantizar que el sitio web se ofrece sin errores. Otros datos pueden utilizarse para analizar su comportamiento como usuario. <\/p>\n<p><strong>\u00bfQu\u00e9 derechos tiene en relaci\u00f3n con sus datos?<\/strong><\/p>\n<p>Tiene derecho a recibir informaci\u00f3n gratuita en cualquier momento sobre el origen, el destinatario y la finalidad de sus datos personales almacenados. Tambi\u00e9n tiene derecho a solicitar la correcci\u00f3n, el bloqueo o la supresi\u00f3n de estos datos. Puede ponerse en contacto con nosotros en cualquier momento en la direcci\u00f3n indicada en el aviso legal si tiene m\u00e1s preguntas sobre el tema de la protecci\u00f3n de datos. Tambi\u00e9n tiene derecho a presentar una reclamaci\u00f3n ante la autoridad de control competente. Tambi\u00e9n tiene derecho a solicitar la limitaci\u00f3n del tratamiento de sus datos personales en determinadas circunstancias. Para m\u00e1s detalles, consulte el apartado \u00abDerecho a la limitaci\u00f3n del tratamiento\u00bb de la pol\u00edtica de privacidad.   <\/p>\n<p><strong><span style=\"color: #000000;\">Herramientas de an\u00e1lisis y de terceros proveedores<\/span><\/strong><\/p>\n<p>Cuando visita nuestro sitio web, su comportamiento de navegaci\u00f3n puede ser evaluado estad\u00edsticamente. Para ello se utilizan principalmente cookies y los denominados programas de an\u00e1lisis. El an\u00e1lisis de su comportamiento de navegaci\u00f3n suele ser an\u00f3nimo; el comportamiento de navegaci\u00f3n no puede ser rastreado hasta usted. Puede oponerse a este an\u00e1lisis o impedirlo no utilizando determinadas herramientas. Encontrar\u00e1 informaci\u00f3n detallada sobre estas herramientas y sus opciones de oposici\u00f3n en la siguiente pol\u00edtica de privacidad.  <\/p>\n<p><strong><span style=\"color: #000000;\"><br \/>\n2. NOTAS GENERALES E INFORMACI\u00d3N OBLIGATORIA<\/span><\/strong><\/p>\n<p><strong><span style=\"color: #000000;\">Protecci\u00f3n de datos<\/span><\/strong><\/p>\n<p>Los operadores de estas p\u00e1ginas se toman muy en serio la protecci\u00f3n de sus datos personales. Tratamos sus datos personales de forma confidencial y de conformidad con las disposiciones legales sobre protecci\u00f3n de datos y la presente pol\u00edtica de privacidad. Cuando usted utiliza este sitio web, se recopilan diversos datos personales. Los datos personales son datos que pueden utilizarse para identificarle personalmente. Esta pol\u00edtica de privacidad explica qu\u00e9 datos recogemos y para qu\u00e9 los utilizamos. Tambi\u00e9n explica c\u00f3mo y con qu\u00e9 fin se hace. Nos gustar\u00eda se\u00f1alar que la transmisi\u00f3n de datos a trav\u00e9s de Internet (por ejemplo, al comunicarse por correo electr\u00f3nico) puede estar sujeta a vulnerabilidades de seguridad. No es posible proteger completamente los datos contra el acceso de terceros. <\/p>\n<p><strong><span style=\"color: #000000;\">Nota sobre el organismo responsable<\/span><\/strong><\/p>\n<p>El responsable del tratamiento de datos en este sitio web es: Aurelius Immobilien GmbH Direcci\u00f3n Kurt Groenewold Cornelius Groenewold Heu\u00dfweg 35 | 20255 Hamburgo Tel\u00e9fono: +49 40 &#8211; 59 36 23 66 &#8211; 0 Fax: +49 40 &#8211; 59 36 23 66 &#8211; 9 Correo electr\u00f3nico: info@aurelius-immobilien.com El responsable del tratamiento es la persona f\u00edsica o jur\u00eddica que sola o conjuntamente con otras determina los fines y medios del tratamiento de datos personales (por ejemplo, nombres, direcciones de correo electr\u00f3nico, etc.).<\/p>\n<p><strong><span style=\"color: #000000;\">Revocaci\u00f3n de su consentimiento para el tratamiento de datos<\/span><\/strong><br \/>\nMuchas operaciones de tratamiento de datos s\u00f3lo son posibles con su consentimiento expreso. Puede revocar el consentimiento que haya dado en cualquier momento. Basta con que nos env\u00ede un correo electr\u00f3nico informal. La legalidad del tratamiento de datos efectuado hasta la revocaci\u00f3n no se ver\u00e1 afectada por \u00e9sta.   <\/p>\n<p><strong><span style=\"color: #000000;\">Derecho a oponerse a la recogida de datos en casos especiales y a la mercadotecnia directa (Art. 21 GDPR)<\/span><\/strong><br \/>\nSi el tratamiento de datos se lleva a cabo sobre la base del art\u00edculo 6, apartado 1, letra e) o f) del RGPD, usted tiene derecho a oponerse al tratamiento de sus datos personales en cualquier momento por razones derivadas de su situaci\u00f3n particular; esto tambi\u00e9n se aplica a la elaboraci\u00f3n de perfiles sobre la base de estas disposiciones. La base jur\u00eddica respectiva en la que se basa el tratamiento puede consultarse en esta pol\u00edtica de privacidad. Si se opone, dejaremos de procesar sus datos personales en cuesti\u00f3n, a menos que podamos demostrar motivos leg\u00edtimos imperiosos para el procesamiento que prevalezcan sobre sus intereses, derechos y libertades, o que el procesamiento sirva para el establecimiento, ejercicio o defensa de reclamaciones legales (objeci\u00f3n de conformidad con el Art. 21 (1) GDPR). Si sus datos personales se tratan con fines de mercadotecnia directa, tiene derecho a oponerse en cualquier momento al tratamiento de los datos personales que le conciernen con fines de dicha mercadotecnia; esto tambi\u00e9n se aplica a la elaboraci\u00f3n de perfiles en la medida en que est\u00e9 asociada a dicha mercadotecnia directa. Si se opone, sus datos personales dejar\u00e1n de utilizarse para fines de mercadotecnia directa (oposici\u00f3n con arreglo al art\u00edculo 21, apartado 2, del RGPD).    <\/p>\n<p><strong><span style=\"color: #000000;\">Derecho a presentar una reclamaci\u00f3n ante la autoridad de control competente<\/span><\/strong><\/p>\n<p>En caso de violaci\u00f3n del RGPD, los interesados tienen derecho a presentar una reclamaci\u00f3n ante una autoridad de control, en particular en el Estado miembro de su residencia habitual, lugar de trabajo o lugar de la presunta violaci\u00f3n. El derecho a presentar una reclamaci\u00f3n se entiende sin perjuicio de cualquier otro recurso administrativo o judicial. <\/p>\n<p><strong><span style=\"color: #000000;\">Recht auf Daten\u00fcbertragbarkeit<\/span><\/strong><\/p>\n<p>Tiene derecho a que los datos que tratamos autom\u00e1ticamente sobre la base de su consentimiento o en cumplimiento de un contrato le sean entregados a usted o a un tercero en un formato de uso com\u00fan legible por m\u00e1quina. Si solicita la transferencia directa de los datos a otro responsable del tratamiento, s\u00f3lo se llevar\u00e1 a cabo si es t\u00e9cnicamente viable. <\/p>\n<p><strong><span style=\"color: #000000;\">Informaci\u00f3n, bloqueo, supresi\u00f3n y rectificaci\u00f3n<\/span><\/strong><\/p>\n<p>En el marco de las disposiciones legales aplicables, usted tiene derecho en todo momento a la libre informaci\u00f3n sobre sus datos personales almacenados, su origen y destinatario y la finalidad del tratamiento de los datos y, en su caso, derecho a la rectificaci\u00f3n, bloqueo o supresi\u00f3n de estos datos. Puede ponerse en contacto con nosotros en cualquier momento en la direcci\u00f3n indicada en el aviso legal si tiene m\u00e1s preguntas sobre el tema de los datos personales. <\/p>\n<p><strong><span style=\"color: #000000;\">Derecho a la limitaci\u00f3n del tratamiento<\/span><\/strong><\/p>\n<p>Tiene derecho a solicitar la limitaci\u00f3n del tratamiento de sus datos personales. Para ello, puede ponerse en contacto con nosotros en cualquier momento en la direcci\u00f3n que figura en el aviso legal. El derecho a la limitaci\u00f3n del tratamiento existe en los siguientes casos:  <\/p>\n<ul>\n<li>Si impugna la exactitud de sus datos personales almacenados por nosotros, por lo general necesitamos tiempo para comprobarlo.Mientras dure la revisi\u00f3n, tiene derecho a solicitar que se restrinja el tratamiento de sus datos personales. <\/li>\n<li>Si el tratamiento de sus datos personales ha sido o es il\u00edcito, puede solicitar la limitaci\u00f3n del tratamiento de datos en lugar de su supresi\u00f3n.<\/li>\n<li>Si ya no necesitamos sus datos personales, pero usted los necesita para el ejercicio, defensa o reclamaci\u00f3n de acciones legales, tiene derecho a solicitar la limitaci\u00f3n del tratamiento de sus datos personales en lugar de su supresi\u00f3n.<\/li>\n<li>Si ha presentado una objeci\u00f3n de conformidad con el art\u00edculo 21, apartado 1, del RGPD, debe alcanzarse un equilibrio entre sus intereses y los nuestros. Mientras no se haya determinado qu\u00e9 intereses prevalecen, usted tiene derecho a solicitar la restricci\u00f3n del tratamiento de sus datos personales.  <\/li>\n<\/ul>\n<p>Si ha presentado una objeci\u00f3n de conformidad con el art\u00edculo 21, apartado 1, del RGPD, debe alcanzarse un equilibrio entre sus intereses y los nuestros. Mientras no se haya determinado qu\u00e9 intereses prevalecen, usted tiene derecho a solicitar la restricci\u00f3n del tratamiento de sus datos personales.<\/p>\n<p><strong><span style=\"color: #000000;\">3. RECOGIDA DE DATOS EN NUESTRO SITIO WEB<\/span><\/strong><\/p>\n<p><strong><span style=\"color: #000000;\">Cookies<\/span><\/strong><\/p>\n<p>Algunas de las p\u00e1ginas de Internet utilizan las llamadas cookies. Las cookies no da\u00f1an su ordenador y no contienen virus. Las cookies se utilizan para que nuestro sitio web sea m\u00e1s f\u00e1cil de usar, eficaz y seguro. Las cookies son peque\u00f1os archivos de texto que se almacenan en su ordenador y que guarda su navegador. La mayor\u00eda de las cookies que utilizamos son las denominadas \u00abcookies de sesi\u00f3n\u00bb. Se borran autom\u00e1ticamente al final de su visita. Otras cookies permanecen almacenadas en su dispositivo final hasta que usted las borra. Estas cookies nos permiten reconocer su navegador en su pr\u00f3xima visita. Puede configurar su navegador para que le informe sobre la instalaci\u00f3n de cookies y permitirlas s\u00f3lo en casos individuales, excluir la aceptaci\u00f3n de cookies para determinados casos o en general y activar la eliminaci\u00f3n autom\u00e1tica de cookies al cerrar el navegador. Si se desactivan las cookies, la funcionalidad de este sitio web puede verse restringida. Las cookies que son necesarias para llevar a cabo el proceso de comunicaci\u00f3n electr\u00f3nica o para proporcionar ciertas funciones que usted ha solicitado (por ejemplo, la funci\u00f3n de cesta de la compra) se almacenan sobre la base del Art. 6 p\u00e1rrafo 1 lit. f GDPR. El operador del sitio web tiene un inter\u00e9s leg\u00edtimo en el almacenamiento de cookies para la prestaci\u00f3n t\u00e9cnicamente sin errores y optimizada de sus servicios. En la medida en que se almacenen otras cookies (por ejemplo, cookies para analizar su comportamiento de navegaci\u00f3n), estas se tratan por separado en esta pol\u00edtica de privacidad.   <\/p>\n<p><strong><span style=\"color: #000000;\">Archivos de registro del servidor<\/span><\/strong><\/p>\n<p>El proveedor de las p\u00e1ginas recopila y almacena autom\u00e1ticamente informaci\u00f3n en los denominados archivos de registro del servidor, que su navegador nos transmite autom\u00e1ticamente. \u00c9stos son <\/p>\n<ul>\n<li>Tipo y versi\u00f3n del navegador<\/li>\n<li>Sistema operativo utilizado<\/li>\n<li>URL de referencia<\/li>\n<li>Nombre de host del ordenador de acceso<\/li>\n<li>Hora de la solicitud al servidor<\/li>\n<li>Direcci\u00f3n IP<\/li>\n<\/ul>\n<p>Estos datos no se fusionan con otras fuentes de datos. Estos datos se recogen en virtud del art\u00edculo 6, apartado 1, letra f del GDPR. El operador del sitio web tiene un inter\u00e9s leg\u00edtimo en la presentaci\u00f3n t\u00e9cnicamente libre de errores y la optimizaci\u00f3n de su sitio web &#8211; los archivos de registro del servidor deben ser registrados para este fin.<\/p>\n<p><strong><span style=\"color: #000000;\">Consulta por correo electr\u00f3nico, tel\u00e9fono o fax<\/span><\/strong><\/p>\n<p>Si se pone en contacto con nosotros por correo electr\u00f3nico, tel\u00e9fono o fax, su consulta, incluidos todos sus datos personales (nombre, consulta), ser\u00e1 almacenada y procesada por nosotros con el fin de tramitar su solicitud. No transmitiremos estos datos sin su consentimiento. Estos datos se procesan sobre la base del Art. 6 p\u00e1rrafo 1 lit. b GDPR si su consulta est\u00e1 relacionada con el cumplimiento de un contrato o es necesaria para la aplicaci\u00f3n de medidas precontractuales. En todos los dem\u00e1s casos, el tratamiento se basa en su consentimiento (art. 6, apdo. 1, letra a del RGPD) y\/o en nuestros intereses leg\u00edtimos (art. 6, apdo. 1, letra f del RGPD), ya que tenemos un inter\u00e9s leg\u00edtimo en el tratamiento eficaz de las consultas que nos dirige. Los datos que nos env\u00ede a trav\u00e9s de las solicitudes de contacto permanecer\u00e1n con nosotros hasta que nos pida que los eliminemos, revoque su consentimiento para el almacenamiento o deje de aplicarse el prop\u00f3sito para el almacenamiento de datos (por ejemplo, despu\u00e9s de que se haya procesado su solicitud). Las disposiciones legales obligatorias, en particular los plazos legales de conservaci\u00f3n, no se ver\u00e1n afectadas. <\/p>\n<p><strong><span style=\"color: #000000;\">4. PLUGINS Y HERRAMIENTAS<\/span><\/strong><\/p>\n<p><strong><span style=\"color: #000000;\">YouTube con protecci\u00f3n de datos ampliada<\/span><\/strong><\/p>\n<p>Nuestro sitio web utiliza plugins del sitio web YouTube. El operador de las p\u00e1ginas es Google Ireland Limited (\u00abGoogle\u00bb), Gordon House, Barrow Street, Dubl\u00edn 4, Irlanda. Utilizamos YouTube en modo de protecci\u00f3n de datos ampliada. Seg\u00fan YouTube, este modo significa que YouTube no almacena ninguna informaci\u00f3n sobre los visitantes de este sitio web antes de que vean el v\u00eddeo. Sin embargo, la transferencia de datos a los socios de YouTube no est\u00e1 necesariamente excluida por el modo de protecci\u00f3n de datos ampliada. Por ejemplo, YouTube establece una conexi\u00f3n con la https:\/\/policies.google.com\/privacy?hl=dered de Google DoubleClick independientemente de si usted ve un v\u00eddeo. En cuanto usted inicia un v\u00eddeo de YouTube en nuestro sitio web, se establece una conexi\u00f3n con los servidores de YouTube. El servidor de YouTube es informado de cu\u00e1les de nuestras p\u00e1ginas ha visitado. Si ha iniciado sesi\u00f3n en su cuenta de YouTube, permite que YouTube asigne su comportamiento de navegaci\u00f3n directamente a su perfil personal. Puede evitarlo cerrando la sesi\u00f3n de su cuenta de YouTube. Adem\u00e1s, YouTube puede almacenar varias cookies en su dispositivo final despu\u00e9s de iniciar un v\u00eddeo. Con la ayuda de estas cookies, YouTube puede obtener informaci\u00f3n sobre los visitantes de nuestro sitio web. Esta informaci\u00f3n se utiliza, entre otras cosas, para registrar estad\u00edsticas de v\u00eddeo, mejorar la facilidad de uso y evitar intentos de fraude. Las cookies permanecen en su dispositivo final hasta que usted las borra. En caso necesario, pueden desencadenarse otras operaciones de tratamiento de datos tras el inicio de un v\u00eddeo de YouTube, sobre las que no tenemos ninguna influencia. El uso de YouTube es en inter\u00e9s de una presentaci\u00f3n atractiva de nuestras ofertas en l\u00ednea. Esto constituye un inter\u00e9s leg\u00edtimo en el sentido del Art. 6 p\u00e1rrafo 1 lit. f GDPR. Puede encontrar m\u00e1s informaci\u00f3n sobre la protecci\u00f3n de datos en YouTube en su pol\u00edtica de privacidad en <a href=\"https:\/\/policies.google.com\/privacy?hl=de\" target=\"_blank\" rel=\"noopener\">https:\/\/policies.google.com\/privacy?hl=de a<\/a> <\/p>\n<p><strong><span style=\"color: #000000;\">Fuentes web de Google<\/span><\/strong><\/p>\n<p>Este sitio utiliza las denominadas fuentes web proporcionadas por Google para la visualizaci\u00f3n estandarizada de fuentes. Cuando accede a una p\u00e1gina, su navegador carga las fuentes web necesarias en la memoria cach\u00e9 de su navegador para poder mostrar los textos y las fuentes correctamente. Para ello, el navegador que est\u00e1 utilizando debe conectarse a los servidores de Google. Esto informa a Google de que se ha accedido a nuestro sitio web a trav\u00e9s de su direcci\u00f3n IP. El uso de Google Web Fonts se realiza en inter\u00e9s de una presentaci\u00f3n uniforme y atractiva de nuestras ofertas en l\u00ednea. Esto constituye un inter\u00e9s leg\u00edtimo en el sentido del Art. 6 p\u00e1rrafo 1 lit. f GDPR. Si su navegador no admite fuentes web, su ordenador utilizar\u00e1 una fuente est\u00e1ndar. Puede encontrar m\u00e1s informaci\u00f3n sobre Google Web Fonts en <a href=\"https:\/\/developers.google.com\/fonts\/faq\" target=\"_blank\" rel=\"noopener\">https:\/\/developers.google.com\/fonts\/faq<\/a> y en la pol\u00edtica de privacidad de Google: <a href=\"https:\/\/policies.google.com\/privacy?hl=de\" target=\"_blank\" rel=\"noopener\">https:\/\/policies.google.com\/privacy?hl=de<\/a>. <\/p>\n<p><strong><span style=\"color: #000000;\">Google Maps (con autorizaci\u00f3n)<\/span><\/strong><\/p>\n<p>Este sitio web utiliza el servicio de mapas de Google Maps a trav\u00e9s de una API. El proveedor es Google Ireland Limited (\u00abGoogle\u00bb), Gordon House, Barrow Street, Dubl\u00edn 4, Irlanda. Para garantizar la protecci\u00f3n de datos en nuestro sitio web, Google Maps se desactiva cuando accede a nuestro sitio web por primera vez. S\u00f3lo se establece una conexi\u00f3n directa con los servidores de Google cuando usted mismo activa Google Maps (consentimiento de conformidad con el art. 6 p\u00e1rr. 1 lit. a GDPR). Esto evita que sus datos se transmitan a Google la primera vez que entra en el sitio. Tras la activaci\u00f3n, Google Maps guardar\u00e1 su direcci\u00f3n IP. Por lo general, esta se transmite a un servidor de Google en EE.UU. y se almacena all\u00ed. El proveedor de este sitio no tiene ninguna influencia sobre esta transferencia de datos una vez que Google Maps ha sido activado. Encontrar\u00e1 m\u00e1s informaci\u00f3n sobre el tratamiento de los datos del usuario en la pol\u00edtica de privacidad de Google: <a href=\"https:\/\/www.google.de\/intl\/de\/policies\/privacy\/\" target=\"_blank\" rel=\"noopener\">https:\/\/www.google.de\/intl\/de\/policies\/privacy\/<\/a>. <\/p>\n<\/div><\/section><\/div>\n","protected":false},"excerpt":{"rendered":"","protected":false},"author":1,"featured_media":0,"parent":0,"menu_order":0,"comment_status":"closed","ping_status":"closed","template":"","meta":{"footnotes":""},"class_list":["post-1839","page","type-page","status-publish","hentry"],"_links":{"self":[{"href":"https:\/\/www.aurelius-immobilien.com\/es\/wp-json\/wp\/v2\/pages\/1839","targetHints":{"allow":["GET"]}}],"collection":[{"href":"https:\/\/www.aurelius-immobilien.com\/es\/wp-json\/wp\/v2\/pages"}],"about":[{"href":"https:\/\/www.aurelius-immobilien.com\/es\/wp-json\/wp\/v2\/types\/page"}],"author":[{"embeddable":true,"href":"https:\/\/www.aurelius-immobilien.com\/es\/wp-json\/wp\/v2\/users\/1"}],"replies":[{"embeddable":true,"href":"https:\/\/www.aurelius-immobilien.com\/es\/wp-json\/wp\/v2\/comments?post=1839"}],"version-history":[{"count":3,"href":"https:\/\/www.aurelius-immobilien.com\/es\/wp-json\/wp\/v2\/pages\/1839\/revisions"}],"predecessor-version":[{"id":1842,"href":"https:\/\/www.aurelius-immobilien.com\/es\/wp-json\/wp\/v2\/pages\/1839\/revisions\/1842"}],"wp:attachment":[{"href":"https:\/\/www.aurelius-immobilien.com\/es\/wp-json\/wp\/v2\/media?parent=1839"}],"curies":[{"name":"wp","href":"https:\/\/api.w.org\/{rel}","templated":true}]}}